{"id":761,"date":"2021-04-16T14:46:32","date_gmt":"2021-04-16T14:46:32","guid":{"rendered":"https:\/\/4all-software.pt\/?page_id=761"},"modified":"2022-08-02T20:37:38","modified_gmt":"2022-08-02T19:37:38","slug":"representacoes","status":"publish","type":"page","link":"https:\/\/4all-software.pt\/index.php\/representacoes\/","title":{"rendered":"Parcerias"},"content":{"rendered":"\t\t<div data-elementor-type=\"wp-page\" data-elementor-id=\"761\" class=\"elementor elementor-761\" data-elementor-settings=\"[]\">\n\t\t\t\t\t\t\t<div class=\"elementor-section-wrap\">\n\t\t\t\t\t\t\t<section class=\"elementor-section elementor-top-section elementor-element elementor-element-c80ec34 elementor-section-height-min-height elementor-section-boxed elementor-section-height-default elementor-section-items-middle\" data-id=\"c80ec34\" data-element_type=\"section\" data-settings=\"{&quot;background_background&quot;:&quot;classic&quot;}\">\n\t\t\t\t\t\t<div class=\"elementor-container elementor-column-gap-default\">\n\t\t\t\t\t<div class=\"elementor-column elementor-col-50 elementor-top-column elementor-element elementor-element-35a80bb\" data-id=\"35a80bb\" data-element_type=\"column\">\n\t\t\t<div class=\"elementor-widget-wrap elementor-element-populated\">\n\t\t\t\t\t\t\t\t<div class=\"elementor-element elementor-element-8816fee elementor-widget elementor-widget-html\" data-id=\"8816fee\" data-element_type=\"widget\" data-widget_type=\"html.default\">\n\t\t\t\t<div class=\"elementor-widget-container\">\n\t\t\t<a href=https:\/\/www.moloni.pt\/?aff_id=0OW3Yu57d2 target=\"_blank\"><img src=https:\/\/www.moloni.pt\/_media\/banners\/moloni_banner_2017_250x250_3.jpg border=\"0\" height=\"250\" width=\"250\" title=\"Experimente Gr\u00e1tis - Clique Aqui!\" \/><\/a>\t\t<\/div>\n\t\t\t\t<\/div>\n\t\t\t\t\t<\/div>\n\t\t<\/div>\n\t\t\t\t<div class=\"elementor-column elementor-col-50 elementor-top-column elementor-element elementor-element-1907514\" data-id=\"1907514\" data-element_type=\"column\">\n\t\t\t<div class=\"elementor-widget-wrap elementor-element-populated\">\n\t\t\t\t\t\t\t\t<div class=\"elementor-element elementor-element-56968d3 elementor-widget elementor-widget-heading\" data-id=\"56968d3\" data-element_type=\"widget\" data-widget_type=\"heading.default\">\n\t\t\t\t<div class=\"elementor-widget-container\">\n\t\t\t<h2 class=\"elementor-heading-title elementor-size-default\">Agentes Moloni<\/h2>\t\t<\/div>\n\t\t\t\t<\/div>\n\t\t\t\t<div class=\"elementor-element elementor-element-c17c83a elementor-widget elementor-widget-text-editor\" data-id=\"c17c83a\" data-element_type=\"widget\" data-widget_type=\"text-editor.default\">\n\t\t\t\t<div class=\"elementor-widget-container\">\n\t\t\t\t\t\t\t\t<p>Moloni \u00e9 uma das melhores solu\u00e7\u00f5es de software de fatura\u00e7\u00e3o online, proposta a pre\u00e7os muito acess\u00edveis e possuindo uma lista completa de funcionalidades muito f\u00e1ceis de utilizar.<\/p><p>A 4ALL Software \u00e9 Agente Moloni, bastando clicar na figura para aceder ao registo f\u00e1cil e r\u00e1pido, que lhe permite usufruir de imediato de tudo o que a plataforma lhe pode oferecer. Somos ainda parceiros integradores da Moloni, podendo integrar a sua plataforma online com o software de fatura\u00e7\u00e3o. <\/p>\t\t\t\t\t\t<\/div>\n\t\t\t\t<\/div>\n\t\t\t\t\t<\/div>\n\t\t<\/div>\n\t\t\t\t\t\t\t<\/div>\n\t\t<\/section>\n\t\t\t\t<section class=\"elementor-section elementor-top-section elementor-element elementor-element-0acffd2 elementor-section-height-min-height elementor-section-boxed elementor-section-height-default elementor-section-items-middle\" data-id=\"0acffd2\" data-element_type=\"section\" data-settings=\"{&quot;background_background&quot;:&quot;classic&quot;}\">\n\t\t\t\t\t\t<div class=\"elementor-container elementor-column-gap-default\">\n\t\t\t\t\t<div class=\"elementor-column elementor-col-50 elementor-top-column elementor-element elementor-element-6771406\" data-id=\"6771406\" data-element_type=\"column\">\n\t\t\t<div class=\"elementor-widget-wrap elementor-element-populated\">\n\t\t\t\t\t\t\t\t<div class=\"elementor-element elementor-element-fe0a272 elementor-widget elementor-widget-image\" data-id=\"fe0a272\" data-element_type=\"widget\" data-widget_type=\"image.default\">\n\t\t\t\t<div class=\"elementor-widget-container\">\n\t\t\t\t\t\t\t\t\t\t\t\t\t\t\t\t<a href=\"https:\/\/www.easypay.pt\/\" target=\"_blank\">\n\t\t\t\t\t\t\t<img loading=\"lazy\" decoding=\"async\" width=\"1024\" height=\"279\" src=\"https:\/\/4all-software.pt\/wp-content\/uploads\/2022\/08\/easypay-logo-color-1024x279.png\" class=\"attachment-large size-large\" alt=\"\" srcset=\"https:\/\/4all-software.pt\/wp-content\/uploads\/2022\/08\/easypay-logo-color-1024x279.png 1024w, https:\/\/4all-software.pt\/wp-content\/uploads\/2022\/08\/easypay-logo-color-300x82.png 300w, https:\/\/4all-software.pt\/wp-content\/uploads\/2022\/08\/easypay-logo-color-768x210.png 768w, https:\/\/4all-software.pt\/wp-content\/uploads\/2022\/08\/easypay-logo-color-1536x419.png 1536w, https:\/\/4all-software.pt\/wp-content\/uploads\/2022\/08\/easypay-logo-color-1320x360.png 1320w, https:\/\/4all-software.pt\/wp-content\/uploads\/2022\/08\/easypay-logo-color.png 1920w\" sizes=\"auto, (max-width: 1024px) 100vw, 1024px\" \/>\t\t\t\t\t\t\t\t<\/a>\n\t\t\t\t\t\t\t\t\t\t\t\t\t\t\t<\/div>\n\t\t\t\t<\/div>\n\t\t\t\t\t<\/div>\n\t\t<\/div>\n\t\t\t\t<div class=\"elementor-column elementor-col-50 elementor-top-column elementor-element elementor-element-41d193b\" data-id=\"41d193b\" data-element_type=\"column\">\n\t\t\t<div class=\"elementor-widget-wrap elementor-element-populated\">\n\t\t\t\t\t\t\t\t<div class=\"elementor-element elementor-element-2b11572 elementor-widget elementor-widget-heading\" data-id=\"2b11572\" data-element_type=\"widget\" data-widget_type=\"heading.default\">\n\t\t\t\t<div class=\"elementor-widget-container\">\n\t\t\t<h2 class=\"elementor-heading-title elementor-size-default\">Parceiros integradores EasyPay<\/h2>\t\t<\/div>\n\t\t\t\t<\/div>\n\t\t\t\t<div class=\"elementor-element elementor-element-b4ace3b elementor-widget elementor-widget-text-editor\" data-id=\"b4ace3b\" data-element_type=\"widget\" data-widget_type=\"text-editor.default\">\n\t\t\t\t<div class=\"elementor-widget-container\">\n\t\t\t\t\t\t\t\t<p>A EasyPay \u00e9 uma das principais gateways de pagamentos a operar em Portugal.<\/p><p>A 4ALL Software \u00e9 parceiro integrador da EasyPay, podendo integrar a sua plataforma online com diversos meios de pagamento.<\/p>\t\t\t\t\t\t<\/div>\n\t\t\t\t<\/div>\n\t\t\t\t\t<\/div>\n\t\t<\/div>\n\t\t\t\t\t\t\t<\/div>\n\t\t<\/section>\n\t\t\t\t\t\t<\/div>\n\t\t\t\t\t<\/div>\n\t\t","protected":false},"excerpt":{"rendered":"<p>Agentes Moloni Moloni \u00e9 uma das melhores solu\u00e7\u00f5es de software de fatura\u00e7\u00e3o online, proposta a pre\u00e7os muito acess\u00edveis e possuindo uma lista completa de funcionalidades muito f\u00e1ceis de utilizar. A 4ALL Software \u00e9 Agente Moloni, bastando clicar na figura para aceder ao registo f\u00e1cil e r\u00e1pido, que lhe permite usufruir de imediato de tudo o [&hellip;]<\/p>\n","protected":false},"author":1,"featured_media":0,"parent":0,"menu_order":0,"comment_status":"closed","ping_status":"closed","template":"elementor_header_footer","meta":{"footnotes":""},"class_list":["post-761","page","type-page","status-publish","hentry","entry"],"_links":{"self":[{"href":"https:\/\/4all-software.pt\/index.php\/wp-json\/wp\/v2\/pages\/761","targetHints":{"allow":["GET"]}}],"collection":[{"href":"https:\/\/4all-software.pt\/index.php\/wp-json\/wp\/v2\/pages"}],"about":[{"href":"https:\/\/4all-software.pt\/index.php\/wp-json\/wp\/v2\/types\/page"}],"author":[{"embeddable":true,"href":"https:\/\/4all-software.pt\/index.php\/wp-json\/wp\/v2\/users\/1"}],"replies":[{"embeddable":true,"href":"https:\/\/4all-software.pt\/index.php\/wp-json\/wp\/v2\/comments?post=761"}],"version-history":[{"count":66,"href":"https:\/\/4all-software.pt\/index.php\/wp-json\/wp\/v2\/pages\/761\/revisions"}],"predecessor-version":[{"id":1111,"href":"https:\/\/4all-software.pt\/index.php\/wp-json\/wp\/v2\/pages\/761\/revisions\/1111"}],"wp:attachment":[{"href":"https:\/\/4all-software.pt\/index.php\/wp-json\/wp\/v2\/media?parent=761"}],"curies":[{"name":"wp","href":"https:\/\/api.w.org\/{rel}","templated":true}]}}