{"id":354,"date":"2021-03-30T15:51:47","date_gmt":"2021-03-30T15:51:47","guid":{"rendered":"https:\/\/4all-software.pt\/?page_id=354"},"modified":"2022-08-01T12:08:32","modified_gmt":"2022-08-01T12:08:32","slug":"sobre","status":"publish","type":"page","link":"https:\/\/4all-software.pt\/index.php\/sobre\/","title":{"rendered":"Sobre"},"content":{"rendered":"\t\t<div data-elementor-type=\"wp-page\" data-elementor-id=\"354\" class=\"elementor elementor-354\" data-elementor-settings=\"[]\">\n\t\t\t\t\t\t\t<div class=\"elementor-section-wrap\">\n\t\t\t\t\t\t\t<section class=\"elementor-section elementor-top-section elementor-element elementor-element-6c5202f elementor-section-height-min-height elementor-section-boxed elementor-section-height-default elementor-section-items-middle\" data-id=\"6c5202f\" data-element_type=\"section\" data-settings=\"{&quot;background_background&quot;:&quot;classic&quot;}\">\n\t\t\t\t\t\t<div class=\"elementor-container elementor-column-gap-default\">\n\t\t\t\t\t<div class=\"elementor-column elementor-col-100 elementor-top-column elementor-element elementor-element-978788e\" data-id=\"978788e\" data-element_type=\"column\">\n\t\t\t<div class=\"elementor-widget-wrap elementor-element-populated\">\n\t\t\t\t\t\t\t\t<div class=\"elementor-element elementor-element-8fbdbae elementor-widget elementor-widget-heading\" data-id=\"8fbdbae\" data-element_type=\"widget\" data-widget_type=\"heading.default\">\n\t\t\t\t<div class=\"elementor-widget-container\">\n\t\t\t<h2 class=\"elementor-heading-title elementor-size-default\">A EMPRESA<\/h2>\t\t<\/div>\n\t\t\t\t<\/div>\n\t\t\t\t<div class=\"elementor-element elementor-element-7eb1170 elementor-widget elementor-widget-text-editor\" data-id=\"7eb1170\" data-element_type=\"widget\" data-widget_type=\"text-editor.default\">\n\t\t\t\t<div class=\"elementor-widget-container\">\n\t\t\t\t\t\t\t\t<p>A 4ALL Software disponibiliza uma variada gama de servi\u00e7os e produtos, constando do seu portef\u00f3lio o desenvolvimento de software \u00e0 medida, produtos pr\u00f3prios, servi\u00e7os de design e consultoria especializada, em \u00e1reas como a realidade aumentada, as aplica\u00e7\u00f5es web e m\u00f3veis, plataformas eletr\u00f3nicas e jogos digitais.<\/p><p>Garantimos elevados padr\u00f5es de qualidade, robustez e escalabilidade nas solu\u00e7\u00f5es inovadoras que desenvolvemos, assegurados por recursos humanos de elevada qualifica\u00e7\u00e3o, motivados, criativos e comprometidos com o sucesso.<\/p><p>A localiza\u00e7\u00e3o num parque tecnol\u00f3gico situado numa cidade m\u00e9dia servida por excelentes acessibilidades f\u00edsicas e digitais e a grande proximidade com o meio acad\u00e9mico, proporcionam \u00e0 4ALL condi\u00e7\u00f5es \u00f3timas de trabalho, beneficiando de facilidade de capta\u00e7\u00e3o de talento profissional, sinergias de acesso e partilha de conhecimento, assim como uma qualidade de vida elevada e um ecossistema inovador desafiante e criativo.<\/p><p>Fruto da experi\u00eancia da equipa da 4ALL em atividades de conhecimento intensivo, incorporando d\u00e9cadas de participa\u00e7\u00e3o em projetos de I&amp;D, a Ag\u00eancia Nacional de Inova\u00e7\u00e3o (ANI) reconheceu a Idoneidade para a pr\u00e1tica de atividades de investiga\u00e7\u00e3o e desenvolvimento<br \/>no dom\u00ednio t\u00e9cnico-cient\u00edfico das TIC, nas seguintes \u00e1reas de atua\u00e7\u00e3o: TIC nas Empresas, Novas Formas de Comunica\u00e7\u00e3o, TIC Aplicadas \u00e0 Sa\u00fade e TIC na Administra\u00e7\u00e3o P\u00fablica.<\/p><p>Este reconhecimento, para al\u00e9m da certifica\u00e7\u00e3o da atividade da 4ALL, permite aos nossos clientes recuperar a totalidade do investimento na contrata\u00e7\u00e3o dos nossos servi\u00e7os \u2013 <a href=\"https:\/\/4all-software.pt\/index.php\/contactos\/\" target=\"_blank\" rel=\"noopener\"><span style=\"text-decoration: underline;\">contacte-nos para saber mais.<\/span><\/a><\/p><p>Fazemos ainda parte do grupo restrito de empresas e institui\u00e7\u00f5es que integram a\u00a0<span style=\"text-decoration: underline;\"><a href=\"https:\/\/incm.pt\/portal\/incm_inovacao.jsp\" target=\"_blank\" rel=\"noopener\">Rede de Inova\u00e7\u00e3o da Imprensa Nacional Casa da Moeda <\/a><\/span><a href=\"https:\/\/incm.pt\/portal\/incm_inovacao.jsp\" target=\"_blank\" rel=\"noopener\">(INCM)<\/a>.<\/p>\t\t\t\t\t\t<\/div>\n\t\t\t\t<\/div>\n\t\t\t\t<div class=\"elementor-element elementor-element-a8ddc56 elementor-widget elementor-widget-heading\" data-id=\"a8ddc56\" data-element_type=\"widget\" data-widget_type=\"heading.default\">\n\t\t\t\t<div class=\"elementor-widget-container\">\n\t\t\t<h2 class=\"elementor-heading-title elementor-size-default\">4All Software, Empowering Innovation<\/h2>\t\t<\/div>\n\t\t\t\t<\/div>\n\t\t\t\t<div class=\"elementor-element elementor-element-7507364 elementor-widget elementor-widget-image\" data-id=\"7507364\" data-element_type=\"widget\" data-widget_type=\"image.default\">\n\t\t\t\t<div class=\"elementor-widget-container\">\n\t\t\t\t\t\t\t\t\t\t\t\t\t\t\t<img loading=\"lazy\" decoding=\"async\" width=\"150\" height=\"150\" src=\"https:\/\/4all-software.pt\/wp-content\/uploads\/2021\/03\/cropped-Ass-02-150x150.png\" class=\"attachment-thumbnail size-thumbnail\" alt=\"\" srcset=\"https:\/\/4all-software.pt\/wp-content\/uploads\/2021\/03\/cropped-Ass-02-150x150.png 150w, https:\/\/4all-software.pt\/wp-content\/uploads\/2021\/03\/cropped-Ass-02-300x300.png 300w, https:\/\/4all-software.pt\/wp-content\/uploads\/2021\/03\/cropped-Ass-02-270x270.png 270w, https:\/\/4all-software.pt\/wp-content\/uploads\/2021\/03\/cropped-Ass-02-192x192.png 192w, https:\/\/4all-software.pt\/wp-content\/uploads\/2021\/03\/cropped-Ass-02-180x180.png 180w, https:\/\/4all-software.pt\/wp-content\/uploads\/2021\/03\/cropped-Ass-02-32x32.png 32w, https:\/\/4all-software.pt\/wp-content\/uploads\/2021\/03\/cropped-Ass-02.png 512w\" sizes=\"auto, (max-width: 150px) 100vw, 150px\" \/>\t\t\t\t\t\t\t\t\t\t\t\t\t\t\t<\/div>\n\t\t\t\t<\/div>\n\t\t\t\t\t<\/div>\n\t\t<\/div>\n\t\t\t\t\t\t\t<\/div>\n\t\t<\/section>\n\t\t\t\t\t\t<\/div>\n\t\t\t\t\t<\/div>\n\t\t","protected":false},"excerpt":{"rendered":"<p>A EMPRESA A 4ALL Software disponibiliza uma variada gama de servi\u00e7os e produtos, constando do seu portef\u00f3lio o desenvolvimento de software \u00e0 medida, produtos pr\u00f3prios, servi\u00e7os de design e consultoria especializada, em \u00e1reas como a realidade aumentada, as aplica\u00e7\u00f5es web e m\u00f3veis, plataformas eletr\u00f3nicas e jogos digitais. Garantimos elevados padr\u00f5es de qualidade, robustez e escalabilidade [&hellip;]<\/p>\n","protected":false},"author":1,"featured_media":0,"parent":0,"menu_order":0,"comment_status":"closed","ping_status":"closed","template":"elementor_header_footer","meta":{"footnotes":""},"class_list":["post-354","page","type-page","status-publish","hentry","entry"],"_links":{"self":[{"href":"https:\/\/4all-software.pt\/index.php\/wp-json\/wp\/v2\/pages\/354","targetHints":{"allow":["GET"]}}],"collection":[{"href":"https:\/\/4all-software.pt\/index.php\/wp-json\/wp\/v2\/pages"}],"about":[{"href":"https:\/\/4all-software.pt\/index.php\/wp-json\/wp\/v2\/types\/page"}],"author":[{"embeddable":true,"href":"https:\/\/4all-software.pt\/index.php\/wp-json\/wp\/v2\/users\/1"}],"replies":[{"embeddable":true,"href":"https:\/\/4all-software.pt\/index.php\/wp-json\/wp\/v2\/comments?post=354"}],"version-history":[{"count":50,"href":"https:\/\/4all-software.pt\/index.php\/wp-json\/wp\/v2\/pages\/354\/revisions"}],"predecessor-version":[{"id":998,"href":"https:\/\/4all-software.pt\/index.php\/wp-json\/wp\/v2\/pages\/354\/revisions\/998"}],"wp:attachment":[{"href":"https:\/\/4all-software.pt\/index.php\/wp-json\/wp\/v2\/media?parent=354"}],"curies":[{"name":"wp","href":"https:\/\/api.w.org\/{rel}","templated":true}]}}